{"id":2923,"date":"2023-02-22T22:54:04","date_gmt":"2023-02-22T22:54:04","guid":{"rendered":"https:\/\/propapir.rs\/contact\/"},"modified":"2024-10-07T15:14:05","modified_gmt":"2024-10-07T15:14:05","slug":"contact","status":"publish","type":"page","link":"https:\/\/propapir.rs\/ro\/contact\/","title":{"rendered":"Contact"},"content":{"rendered":"\t\t<div data-elementor-type=\"wp-page\" data-elementor-id=\"2923\" class=\"elementor elementor-2923 elementor-25\" data-elementor-post-type=\"page\">\n\t\t\t\t<div class=\"elementor-element elementor-element-ba7365c e-flex e-con-boxed e-con e-parent\" data-id=\"ba7365c\" data-element_type=\"container\" data-e-type=\"container\" data-settings=\"{&quot;background_background&quot;:&quot;classic&quot;}\">\n\t\t\t\t\t<div class=\"e-con-inner\">\n\t\t\t\t<div class=\"elementor-element elementor-element-ee35217 elementor-align-left elementor-widget elementor-widget-breadcrumbs\" data-id=\"ee35217\" data-element_type=\"widget\" data-e-type=\"widget\" data-widget_type=\"breadcrumbs.default\">\n\t\t\t\t<div class=\"elementor-widget-container\">\n\t\t\t\t\t<p id=\"breadcrumbs\"><span><span><a href=\"https:\/\/propapir.rs\/ro\/pagina-principala\/\">Home<\/a><\/span><\/span><\/p>\t\t\t\t<\/div>\n\t\t\t\t<\/div>\n\t\t\t\t<div class=\"elementor-element elementor-element-44bd261 elementor-widget elementor-widget-heading\" data-id=\"44bd261\" data-element_type=\"widget\" data-e-type=\"widget\" data-widget_type=\"heading.default\">\n\t\t\t\t<div class=\"elementor-widget-container\">\n\t\t\t\t\t<h1 class=\"elementor-heading-title elementor-size-default\">Contact<\/h1>\t\t\t\t<\/div>\n\t\t\t\t<\/div>\n\t\t\t\t<div class=\"elementor-element elementor-element-872f5ad elementor-widget__width-initial elementor-widget elementor-widget-text-editor\" data-id=\"872f5ad\" data-element_type=\"widget\" data-e-type=\"widget\" data-widget_type=\"text-editor.default\">\n\t\t\t\t<div class=\"elementor-widget-container\">\n\t\t\t\t\t\t\t\t\t<p>Toate \u00eentreb\u0103rile dumneavoastr\u0103, oric\u00e2t de mici ar p\u0103rea, sunt importante pentru noi. \u00cen formularul de mai jos ne pute\u021bi \u00eentreba orice v\u0103 intereseaz\u0103, fie c\u0103 este legat de produsele, serviciile noastre sau orice alt\u0103 parte a afacerii noastre, iar noi v\u0103 vom r\u0103spunde c\u00e2t mai cur\u00e2nd posibil. <\/p>\n\t\t\t\t\t\t\t\t<\/div>\n\t\t\t\t<\/div>\n\t\t<div class=\"elementor-element elementor-element-ea20cc8 e-con-full e-flex e-con e-child\" data-id=\"ea20cc8\" data-element_type=\"container\" data-e-type=\"container\" data-settings=\"{&quot;background_background&quot;:&quot;classic&quot;}\">\n\t\t<div class=\"elementor-element elementor-element-5e6bec4 e-con-full e-flex e-con e-child\" data-id=\"5e6bec4\" data-element_type=\"container\" data-e-type=\"container\">\n\t\t\t\t<div class=\"elementor-element elementor-element-aff384b elementor-widget-tablet__width-initial elementor-widget elementor-widget-heading\" data-id=\"aff384b\" data-element_type=\"widget\" data-e-type=\"widget\" data-widget_type=\"heading.default\">\n\t\t\t\t<div class=\"elementor-widget-container\">\n\t\t\t\t\t<h2 class=\"elementor-heading-title elementor-size-default\">Contacta\u021bi-ne<\/h2>\t\t\t\t<\/div>\n\t\t\t\t<\/div>\n\t\t\t\t<div class=\"elementor-element elementor-element-a7a56b9 elementor-widget__width-inherit elementor-widget elementor-widget-wpforms\" data-id=\"a7a56b9\" data-element_type=\"widget\" data-e-type=\"widget\" data-widget_type=\"wpforms.default\">\n\t\t\t\t<div class=\"elementor-widget-container\">\n\t\t\t\t\t<div class=\"wpforms-container wpforms-container-full wpforms-render-modern\" id=\"wpforms-2486\"><form id=\"wpforms-form-2486\" class=\"wpforms-validate wpforms-form wpforms-ajax-form\" data-formid=\"2486\" method=\"post\" enctype=\"multipart\/form-data\" action=\"\/ro\/wp-json\/wp\/v2\/pages\/2923\" data-token=\"6fd5776620dc8201c688699e0651f829\" data-token-time=\"1777720771\"><noscript class=\"wpforms-error-noscript\">Please enable JavaScript in your browser to complete this form.<\/noscript><div id=\"wpforms-error-noscript\" style=\"display: none;\">Please enable JavaScript in your browser to complete this form.<\/div><div class=\"wpforms-field-container\"><div id=\"wpforms-2486-field_1-container\" class=\"wpforms-field wpforms-field-text\" data-field-id=\"1\"><label class=\"wpforms-field-label\" for=\"wpforms-2486-field_1\">Nume \u0219i prenume <span class=\"wpforms-required-label\" aria-hidden=\"true\">*<\/span><\/label><input type=\"text\" id=\"wpforms-2486-field_1\" class=\"wpforms-field-large wpforms-field-required\" name=\"wpforms[fields][1]\" placeholder=\"Petar Petrovi\u0107\" aria-errormessage=\"wpforms-2486-field_1-error\" required><\/div>\t\t<div id=\"wpforms-2486-field_5-container\"\n\t\t\tclass=\"wpforms-field wpforms-field-text\"\n\t\t\tdata-field-type=\"text\"\n\t\t\tdata-field-id=\"5\"\n\t\t\t>\n\t\t\t<label class=\"wpforms-field-label\" for=\"wpforms-2486-field_5\" >Mesaj telefon \u0219i<\/label>\n\t\t\t<input type=\"text\" id=\"wpforms-2486-field_5\" class=\"wpforms-field-medium\" name=\"wpforms[fields][5]\" >\n\t\t<\/div>\n\t\t<div id=\"wpforms-2486-field_2-container\" class=\"wpforms-field wpforms-field-email\" data-field-id=\"2\"><label class=\"wpforms-field-label\" for=\"wpforms-2486-field_2\">Email <span class=\"wpforms-required-label\" aria-hidden=\"true\">*<\/span><\/label><input type=\"email\" id=\"wpforms-2486-field_2\" class=\"wpforms-field-large wpforms-field-required\" name=\"wpforms[fields][2]\" placeholder=\"Adresa dumneavoastr\u0103 de email\" spellcheck=\"false\" aria-errormessage=\"wpforms-2486-field_2-error\" required><\/div><div id=\"wpforms-2486-field_3-container\" class=\"wpforms-field wpforms-field-phone\" data-field-id=\"3\"><label class=\"wpforms-field-label\" for=\"wpforms-2486-field_3\">Num\u0103rul de telefon <span class=\"wpforms-required-label\" aria-hidden=\"true\">*<\/span><\/label><input type=\"tel\" id=\"wpforms-2486-field_3\" class=\"wpforms-field-large wpforms-field-required wpforms-smart-phone-field\" data-rule-smart-phone-field=\"true\" name=\"wpforms[fields][3]\" placeholder=\"Num\u0103rul dumneavoastr\u0103 de telefon\" aria-label=\"Num\u0103rul de telefon\" aria-errormessage=\"wpforms-2486-field_3-error\" required><\/div><div id=\"wpforms-2486-field_4-container\" class=\"wpforms-field wpforms-field-textarea\" data-field-id=\"4\"><label class=\"wpforms-field-label\" for=\"wpforms-2486-field_4\">Mesaj <span class=\"wpforms-required-label\" aria-hidden=\"true\">*<\/span><\/label><textarea id=\"wpforms-2486-field_4\" class=\"wpforms-field-large wpforms-field-required\" name=\"wpforms[fields][4]\" placeholder=\"Scrie\u021bi un mesaj...\" aria-errormessage=\"wpforms-2486-field_4-error\" required><\/textarea><\/div><script>\n\t\t\t\t( function() {\n\t\t\t\t\tconst style = document.createElement( 'style' );\n\t\t\t\t\tstyle.appendChild( document.createTextNode( '#wpforms-2486-field_5-container { position: absolute !important; overflow: hidden !important; display: inline !important; height: 1px !important; width: 1px !important; z-index: -1000 !important; padding: 0 !important; } #wpforms-2486-field_5-container input { visibility: hidden; } #wpforms-conversational-form-page #wpforms-2486-field_5-container label { counter-increment: none; }' ) );\n\t\t\t\t\tdocument.head.appendChild( style );\n\t\t\t\t\tdocument.currentScript?.remove();\n\t\t\t\t} )();\n\t\t\t<\/script><\/div><!-- .wpforms-field-container --><div class=\"wpforms-submit-container\" ><input type=\"hidden\" name=\"wpforms[id]\" value=\"2486\"><input type=\"hidden\" name=\"page_title\" value=\"\"><input type=\"hidden\" name=\"page_url\" value=\"https:\/\/propapir.rs\/ro\/wp-json\/wp\/v2\/pages\/2923\"><input type=\"hidden\" name=\"url_referer\" value=\"\"><button type=\"submit\" name=\"wpforms[submit]\" id=\"wpforms-submit-2486\" class=\"wpforms-submit\" data-alt-text=\"Se trimite...\" data-submit-text=\"Trimite\u021bi cererea\" aria-live=\"assertive\" value=\"wpforms-submit\">Trimite\u021bi cererea<\/button><img decoding=\"async\" src=\"https:\/\/propapir.rs\/wp-content\/plugins\/wpforms\/assets\/images\/submit-spin.svg\" class=\"wpforms-submit-spinner\" style=\"display: none;\" width=\"26\" height=\"26\" alt=\"Loading\"><\/div><\/form><\/div>  <!-- .wpforms-container -->\t\t\t\t<\/div>\n\t\t\t\t<\/div>\n\t\t\t\t<\/div>\n\t\t<div class=\"elementor-element elementor-element-0988a98 e-con-full e-flex e-con e-child\" data-id=\"0988a98\" data-element_type=\"container\" data-e-type=\"container\">\n\t\t\t\t<div class=\"elementor-element elementor-element-3b8f6f9 elementor-widget elementor-widget-heading\" data-id=\"3b8f6f9\" data-element_type=\"widget\" data-e-type=\"widget\" data-widget_type=\"heading.default\">\n\t\t\t\t<div class=\"elementor-widget-container\">\n\t\t\t\t\t<h2 class=\"elementor-heading-title elementor-size-default\">Informa\u021bii despre afacere<\/h2>\t\t\t\t<\/div>\n\t\t\t\t<\/div>\n\t\t\t\t<div class=\"elementor-element elementor-element-64eb820 elementor-position-inline-start elementor-mobile-position-inline-start elementor-widget__width-inherit elementor-view-default elementor-widget elementor-widget-icon-box\" data-id=\"64eb820\" data-element_type=\"widget\" data-e-type=\"widget\" data-widget_type=\"icon-box.default\">\n\t\t\t\t<div class=\"elementor-widget-container\">\n\t\t\t\t\t\t\t<div class=\"elementor-icon-box-wrapper\">\n\n\t\t\t\t\t\t<div class=\"elementor-icon-box-icon\">\n\t\t\t\t<span  class=\"elementor-icon\">\n\t\t\t\t<svg xmlns=\"http:\/\/www.w3.org\/2000\/svg\" width=\"48\" height=\"48\" viewBox=\"0 0 48 48\" fill=\"none\"><circle cx=\"24\" cy=\"24\" r=\"24\" fill=\"#A9CBFF\"><\/circle><g clip-path=\"url(#clip0_29_583)\"><path d=\"M20.1505 32.6494L15.3599 27.8588C11.8211 24.32 11.8211 18.607 15.3505 15.0776L20.1411 19.8682L18.5411 21.4682C17.6564 22.3529 17.6564 23.7835 18.5411 24.6588L23.3317 29.4494C24.2164 30.3341 25.6469 30.3341 26.5222 29.4494L28.1222 27.8494L32.9128 32.64C29.3834 36.1694 23.6705 36.1694 20.1317 32.64L20.1505 32.6494Z\" stroke=\"#002878\" stroke-width=\"1.5\" stroke-linecap=\"round\" stroke-linejoin=\"round\"><\/path><path d=\"M26.2588 12.7059C31.247 12.7059 35.2941 16.753 35.2941 21.7412\" stroke=\"#002878\" stroke-width=\"1.5\" stroke-linecap=\"round\" stroke-linejoin=\"round\"><\/path><path d=\"M30.7764 21.7412C30.7764 19.247 28.7529 17.2235 26.2588 17.2235\" stroke=\"#002878\" stroke-width=\"1.5\" stroke-linecap=\"round\" stroke-linejoin=\"round\"><\/path><\/g><defs><clipPath id=\"clip0_29_583\"><rect width=\"24\" height=\"24\" fill=\"white\" transform=\"translate(12 12)\"><\/rect><\/clipPath><\/defs><\/svg>\t\t\t\t<\/span>\n\t\t\t<\/div>\n\t\t\t\n\t\t\t\t\t\t<div class=\"elementor-icon-box-content\">\n\n\t\t\t\t\t\t\t\t\t<h3 class=\"elementor-icon-box-title\">\n\t\t\t\t\t\t<span  >\n\t\t\t\t\t\t\tTelefon\t\t\t\t\t\t<\/span>\n\t\t\t\t\t<\/h3>\n\t\t\t\t\n\t\t\t\t\t\t\t\t\t<p class=\"elementor-icon-box-description\">\n\t\t\t\t\t\tMobil: <a class=\"plavo\" href=\"tel:+381649697099\">064 96 97 099<\/a><br>Email: <a class=\"plavo\" href=\"mailto:propapirsurcin@gmail.com\">propapirsurcin@gmail.com<\/a>\t\t\t\t\t<\/p>\n\t\t\t\t\n\t\t\t<\/div>\n\t\t\t\n\t\t<\/div>\n\t\t\t\t\t\t<\/div>\n\t\t\t\t<\/div>\n\t\t\t\t<div class=\"elementor-element elementor-element-0ccd104 elementor-position-inline-start elementor-mobile-position-inline-start elementor-widget__width-inherit elementor-view-default elementor-widget elementor-widget-icon-box\" data-id=\"0ccd104\" data-element_type=\"widget\" data-e-type=\"widget\" data-widget_type=\"icon-box.default\">\n\t\t\t\t<div class=\"elementor-widget-container\">\n\t\t\t\t\t\t\t<div class=\"elementor-icon-box-wrapper\">\n\n\t\t\t\t\t\t<div class=\"elementor-icon-box-icon\">\n\t\t\t\t<span  class=\"elementor-icon\">\n\t\t\t\t<svg xmlns=\"http:\/\/www.w3.org\/2000\/svg\" width=\"48\" height=\"48\" viewBox=\"0 0 48 48\" fill=\"none\"><circle cx=\"24\" cy=\"24\" r=\"24\" fill=\"#A9CBFF\"><\/circle><g clip-path=\"url(#clip0_29_583)\"><path d=\"M20.1505 32.6494L15.3599 27.8588C11.8211 24.32 11.8211 18.607 15.3505 15.0776L20.1411 19.8682L18.5411 21.4682C17.6564 22.3529 17.6564 23.7835 18.5411 24.6588L23.3317 29.4494C24.2164 30.3341 25.6469 30.3341 26.5222 29.4494L28.1222 27.8494L32.9128 32.64C29.3834 36.1694 23.6705 36.1694 20.1317 32.64L20.1505 32.6494Z\" stroke=\"#002878\" stroke-width=\"1.5\" stroke-linecap=\"round\" stroke-linejoin=\"round\"><\/path><path d=\"M26.2588 12.7059C31.247 12.7059 35.2941 16.753 35.2941 21.7412\" stroke=\"#002878\" stroke-width=\"1.5\" stroke-linecap=\"round\" stroke-linejoin=\"round\"><\/path><path d=\"M30.7764 21.7412C30.7764 19.247 28.7529 17.2235 26.2588 17.2235\" stroke=\"#002878\" stroke-width=\"1.5\" stroke-linecap=\"round\" stroke-linejoin=\"round\"><\/path><\/g><defs><clipPath id=\"clip0_29_583\"><rect width=\"24\" height=\"24\" fill=\"white\" transform=\"translate(12 12)\"><\/rect><\/clipPath><\/defs><\/svg>\t\t\t\t<\/span>\n\t\t\t<\/div>\n\t\t\t\n\t\t\t\t\t\t<div class=\"elementor-icon-box-content\">\n\n\t\t\t\t\t\t\t\t\t<h3 class=\"elementor-icon-box-title\">\n\t\t\t\t\t\t<span  >\n\t\t\t\t\t\t\tProgram de lucru\t\t\t\t\t\t<\/span>\n\t\t\t\t\t<\/h3>\n\t\t\t\t\n\t\t\t\t\t\t\t\t\t<p class=\"elementor-icon-box-description\">\n\t\t\t\t\t\tLuni-Vineri: <span class=\"plavo\">08:00-16:00<\/span><br>S\u00e2mb\u0103t\u0103: <span class=\"plavo\">08:00-16:00<\/span><br>Duminic\u0103:<span class=\"plavo\"> \u00eenchis<\/span>\t\t\t\t\t<\/p>\n\t\t\t\t\n\t\t\t<\/div>\n\t\t\t\n\t\t<\/div>\n\t\t\t\t\t\t<\/div>\n\t\t\t\t<\/div>\n\t\t\t\t<div class=\"elementor-element elementor-element-369c45b elementor-widget elementor-widget-text-editor\" data-id=\"369c45b\" data-element_type=\"widget\" data-e-type=\"widget\" data-widget_type=\"text-editor.default\">\n\t\t\t\t<div class=\"elementor-widget-container\">\n\t\t\t\t\t\t\t\t\t<p>Num\u0103r de \u00eenregistrare: 66507599<br \/>CUI: 113014637<br \/>Numele firmei: Pro Papir<br \/>Comuna: Sur\u010din<br \/>Ora\u0219: Belgrad<br \/>Adres\u0103: Vidovdanska 13a<\/p>\n\t\t\t\t\t\t\t\t<\/div>\n\t\t\t\t<\/div>\n\t\t\t\t<\/div>\n\t\t\t\t<\/div>\n\t\t\t\t\t<\/div>\n\t\t\t\t<\/div>\n\t\t\t\t<\/div>\n\t\t","protected":false},"excerpt":{"rendered":"<p>Contact Toate \u00eentreb\u0103rile dumneavoastr\u0103, oric\u00e2t de mici ar p\u0103rea, sunt importante pentru noi. \u00cen formularul de mai jos ne pute\u021bi \u00eentreba orice v\u0103 intereseaz\u0103, fie c\u0103 este legat de produsele, serviciile noastre sau orice alt\u0103 parte a afacerii noastre, iar noi v\u0103 vom r\u0103spunde c\u00e2t mai cur\u00e2nd posibil. Contacta\u021bi-ne Please enable JavaScript in your browser [&hellip;]<\/p>\n","protected":false},"author":1,"featured_media":0,"parent":0,"menu_order":0,"comment_status":"closed","ping_status":"closed","template":"","meta":{"_acf_changed":false,"footnotes":""},"class_list":["post-2923","page","type-page","status-publish","hentry"],"acf":[],"yoast_head":"<!-- This site is optimized with the Yoast SEO plugin v27.3 - https:\/\/yoast.com\/product\/yoast-seo-wordpress\/ -->\n<title>Contact - ProPapir<\/title>\n<meta name=\"robots\" content=\"index, follow, max-snippet:-1, max-image-preview:large, max-video-preview:-1\" \/>\n<link rel=\"canonical\" href=\"https:\/\/propapir.rs\/ro\/contact\/\" \/>\n<meta property=\"og:locale\" content=\"ro_RO\" \/>\n<meta property=\"og:type\" content=\"article\" \/>\n<meta property=\"og:title\" content=\"Contact - ProPapir\" \/>\n<meta property=\"og:description\" content=\"Contact Toate \u00eentreb\u0103rile dumneavoastr\u0103, oric\u00e2t de mici ar p\u0103rea, sunt importante pentru noi. \u00cen formularul de mai jos ne pute\u021bi \u00eentreba orice v\u0103 intereseaz\u0103, fie c\u0103 este legat de produsele, serviciile noastre sau orice alt\u0103 parte a afacerii noastre, iar noi v\u0103 vom r\u0103spunde c\u00e2t mai cur\u00e2nd posibil. Contacta\u021bi-ne Please enable JavaScript in your browser [&hellip;]\" \/>\n<meta property=\"og:url\" content=\"https:\/\/propapir.rs\/ro\/contact\/\" \/>\n<meta property=\"og:site_name\" content=\"ProPapir\" \/>\n<meta property=\"article:modified_time\" content=\"2024-10-07T15:14:05+00:00\" \/>\n<meta property=\"og:image\" content=\"https:\/\/propapir.rs\/wp-content\/plugins\/wpforms\/assets\/images\/submit-spin.svg\" \/>\n<meta name=\"twitter:card\" content=\"summary_large_image\" \/>\n<meta name=\"twitter:label1\" content=\"Timp estimat pentru citire\" \/>\n\t<meta name=\"twitter:data1\" content=\"1 minut\" \/>\n<script type=\"application\/ld+json\" class=\"yoast-schema-graph\">{\"@context\":\"https:\\\/\\\/schema.org\",\"@graph\":[{\"@type\":\"WebPage\",\"@id\":\"https:\\\/\\\/propapir.rs\\\/ro\\\/contact\\\/\",\"url\":\"https:\\\/\\\/propapir.rs\\\/ro\\\/contact\\\/\",\"name\":\"Contact - ProPapir\",\"isPartOf\":{\"@id\":\"https:\\\/\\\/propapir.rs\\\/#website\"},\"primaryImageOfPage\":{\"@id\":\"https:\\\/\\\/propapir.rs\\\/ro\\\/contact\\\/#primaryimage\"},\"image\":{\"@id\":\"https:\\\/\\\/propapir.rs\\\/ro\\\/contact\\\/#primaryimage\"},\"thumbnailUrl\":\"https:\\\/\\\/propapir.rs\\\/wp-content\\\/plugins\\\/wpforms\\\/assets\\\/images\\\/submit-spin.svg\",\"datePublished\":\"2023-02-22T22:54:04+00:00\",\"dateModified\":\"2024-10-07T15:14:05+00:00\",\"breadcrumb\":{\"@id\":\"https:\\\/\\\/propapir.rs\\\/ro\\\/contact\\\/#breadcrumb\"},\"inLanguage\":\"ro-RO\",\"potentialAction\":[{\"@type\":\"ReadAction\",\"target\":[\"https:\\\/\\\/propapir.rs\\\/ro\\\/contact\\\/\"]}]},{\"@type\":\"ImageObject\",\"inLanguage\":\"ro-RO\",\"@id\":\"https:\\\/\\\/propapir.rs\\\/ro\\\/contact\\\/#primaryimage\",\"url\":\"https:\\\/\\\/propapir.rs\\\/wp-content\\\/plugins\\\/wpforms\\\/assets\\\/images\\\/submit-spin.svg\",\"contentUrl\":\"https:\\\/\\\/propapir.rs\\\/wp-content\\\/plugins\\\/wpforms\\\/assets\\\/images\\\/submit-spin.svg\"},{\"@type\":\"BreadcrumbList\",\"@id\":\"https:\\\/\\\/propapir.rs\\\/ro\\\/contact\\\/#breadcrumb\",\"itemListElement\":[{\"@type\":\"ListItem\",\"position\":1,\"name\":\"Home\",\"item\":\"https:\\\/\\\/propapir.rs\\\/ro\\\/pagina-principala\\\/\"},{\"@type\":\"ListItem\",\"position\":2,\"name\":\"Contact\"}]},{\"@type\":\"WebSite\",\"@id\":\"https:\\\/\\\/propapir.rs\\\/#website\",\"url\":\"https:\\\/\\\/propapir.rs\\\/\",\"name\":\"ProPapir\",\"description\":\"Proizvodnja i veleprodaja papirne galanterije\",\"publisher\":{\"@id\":\"https:\\\/\\\/propapir.rs\\\/#organization\"},\"potentialAction\":[{\"@type\":\"SearchAction\",\"target\":{\"@type\":\"EntryPoint\",\"urlTemplate\":\"https:\\\/\\\/propapir.rs\\\/?s={search_term_string}\"},\"query-input\":{\"@type\":\"PropertyValueSpecification\",\"valueRequired\":true,\"valueName\":\"search_term_string\"}}],\"inLanguage\":\"ro-RO\"},{\"@type\":\"Organization\",\"@id\":\"https:\\\/\\\/propapir.rs\\\/#organization\",\"name\":\"Pro Papir Proizvodnja Papirne Galanterije\",\"url\":\"https:\\\/\\\/propapir.rs\\\/\",\"logo\":{\"@type\":\"ImageObject\",\"inLanguage\":\"ro-RO\",\"@id\":\"https:\\\/\\\/propapir.rs\\\/#\\\/schema\\\/logo\\\/image\\\/\",\"url\":\"https:\\\/\\\/propapir.rs\\\/wp-content\\\/uploads\\\/2023\\\/04\\\/cropped-Site-icon-1.png\",\"contentUrl\":\"https:\\\/\\\/propapir.rs\\\/wp-content\\\/uploads\\\/2023\\\/04\\\/cropped-Site-icon-1.png\",\"width\":512,\"height\":512,\"caption\":\"Pro Papir Proizvodnja Papirne Galanterije\"},\"image\":{\"@id\":\"https:\\\/\\\/propapir.rs\\\/#\\\/schema\\\/logo\\\/image\\\/\"}}]}<\/script>\n<!-- \/ Yoast SEO plugin. -->","yoast_head_json":{"title":"Contact - ProPapir","robots":{"index":"index","follow":"follow","max-snippet":"max-snippet:-1","max-image-preview":"max-image-preview:large","max-video-preview":"max-video-preview:-1"},"canonical":"https:\/\/propapir.rs\/ro\/contact\/","og_locale":"ro_RO","og_type":"article","og_title":"Contact - ProPapir","og_description":"Contact Toate \u00eentreb\u0103rile dumneavoastr\u0103, oric\u00e2t de mici ar p\u0103rea, sunt importante pentru noi. \u00cen formularul de mai jos ne pute\u021bi \u00eentreba orice v\u0103 intereseaz\u0103, fie c\u0103 este legat de produsele, serviciile noastre sau orice alt\u0103 parte a afacerii noastre, iar noi v\u0103 vom r\u0103spunde c\u00e2t mai cur\u00e2nd posibil. Contacta\u021bi-ne Please enable JavaScript in your browser [&hellip;]","og_url":"https:\/\/propapir.rs\/ro\/contact\/","og_site_name":"ProPapir","article_modified_time":"2024-10-07T15:14:05+00:00","og_image":[{"url":"https:\/\/propapir.rs\/wp-content\/plugins\/wpforms\/assets\/images\/submit-spin.svg","type":"","width":"","height":""}],"twitter_card":"summary_large_image","twitter_misc":{"Timp estimat pentru citire":"1 minut"},"schema":{"@context":"https:\/\/schema.org","@graph":[{"@type":"WebPage","@id":"https:\/\/propapir.rs\/ro\/contact\/","url":"https:\/\/propapir.rs\/ro\/contact\/","name":"Contact - ProPapir","isPartOf":{"@id":"https:\/\/propapir.rs\/#website"},"primaryImageOfPage":{"@id":"https:\/\/propapir.rs\/ro\/contact\/#primaryimage"},"image":{"@id":"https:\/\/propapir.rs\/ro\/contact\/#primaryimage"},"thumbnailUrl":"https:\/\/propapir.rs\/wp-content\/plugins\/wpforms\/assets\/images\/submit-spin.svg","datePublished":"2023-02-22T22:54:04+00:00","dateModified":"2024-10-07T15:14:05+00:00","breadcrumb":{"@id":"https:\/\/propapir.rs\/ro\/contact\/#breadcrumb"},"inLanguage":"ro-RO","potentialAction":[{"@type":"ReadAction","target":["https:\/\/propapir.rs\/ro\/contact\/"]}]},{"@type":"ImageObject","inLanguage":"ro-RO","@id":"https:\/\/propapir.rs\/ro\/contact\/#primaryimage","url":"https:\/\/propapir.rs\/wp-content\/plugins\/wpforms\/assets\/images\/submit-spin.svg","contentUrl":"https:\/\/propapir.rs\/wp-content\/plugins\/wpforms\/assets\/images\/submit-spin.svg"},{"@type":"BreadcrumbList","@id":"https:\/\/propapir.rs\/ro\/contact\/#breadcrumb","itemListElement":[{"@type":"ListItem","position":1,"name":"Home","item":"https:\/\/propapir.rs\/ro\/pagina-principala\/"},{"@type":"ListItem","position":2,"name":"Contact"}]},{"@type":"WebSite","@id":"https:\/\/propapir.rs\/#website","url":"https:\/\/propapir.rs\/","name":"ProPapir","description":"Proizvodnja i veleprodaja papirne galanterije","publisher":{"@id":"https:\/\/propapir.rs\/#organization"},"potentialAction":[{"@type":"SearchAction","target":{"@type":"EntryPoint","urlTemplate":"https:\/\/propapir.rs\/?s={search_term_string}"},"query-input":{"@type":"PropertyValueSpecification","valueRequired":true,"valueName":"search_term_string"}}],"inLanguage":"ro-RO"},{"@type":"Organization","@id":"https:\/\/propapir.rs\/#organization","name":"Pro Papir Proizvodnja Papirne Galanterije","url":"https:\/\/propapir.rs\/","logo":{"@type":"ImageObject","inLanguage":"ro-RO","@id":"https:\/\/propapir.rs\/#\/schema\/logo\/image\/","url":"https:\/\/propapir.rs\/wp-content\/uploads\/2023\/04\/cropped-Site-icon-1.png","contentUrl":"https:\/\/propapir.rs\/wp-content\/uploads\/2023\/04\/cropped-Site-icon-1.png","width":512,"height":512,"caption":"Pro Papir Proizvodnja Papirne Galanterije"},"image":{"@id":"https:\/\/propapir.rs\/#\/schema\/logo\/image\/"}}]}},"_links":{"self":[{"href":"https:\/\/propapir.rs\/ro\/wp-json\/wp\/v2\/pages\/2923","targetHints":{"allow":["GET"]}}],"collection":[{"href":"https:\/\/propapir.rs\/ro\/wp-json\/wp\/v2\/pages"}],"about":[{"href":"https:\/\/propapir.rs\/ro\/wp-json\/wp\/v2\/types\/page"}],"author":[{"embeddable":true,"href":"https:\/\/propapir.rs\/ro\/wp-json\/wp\/v2\/users\/1"}],"replies":[{"embeddable":true,"href":"https:\/\/propapir.rs\/ro\/wp-json\/wp\/v2\/comments?post=2923"}],"version-history":[{"count":1,"href":"https:\/\/propapir.rs\/ro\/wp-json\/wp\/v2\/pages\/2923\/revisions"}],"predecessor-version":[{"id":2925,"href":"https:\/\/propapir.rs\/ro\/wp-json\/wp\/v2\/pages\/2923\/revisions\/2925"}],"wp:attachment":[{"href":"https:\/\/propapir.rs\/ro\/wp-json\/wp\/v2\/media?parent=2923"}],"curies":[{"name":"wp","href":"https:\/\/api.w.org\/{rel}","templated":true}]}}