{"id":3001,"date":"2023-04-03T17:45:18","date_gmt":"2023-04-03T17:45:18","guid":{"rendered":"https:\/\/propapir.rs\/proizvod\/hartie-igienica-pliabila-150-1\/"},"modified":"2023-04-03T17:45:18","modified_gmt":"2023-04-03T17:45:18","slug":"hartie-igienica-pliabila-150-1","status":"publish","type":"product","link":"https:\/\/propapir.rs\/ro\/proizvod\/hartie-igienica-pliabila-150-1\/","title":{"rendered":"H\u00e2rtie igienic\u0103 pliabil\u0103 150\/1"},"content":{"rendered":"","protected":false},"excerpt":{"rendered":"","protected":false},"featured_media":3267,"comment_status":"closed","ping_status":"closed","template":"","meta":{"_acf_changed":false},"product_brand":[],"product_cat":[248],"product_tag":[],"class_list":{"0":"post-3001","1":"product","2":"type-product","3":"status-publish","4":"has-post-thumbnail","6":"product_cat-hartie-igienica","8":"first","9":"instock","10":"featured","11":"taxable","12":"shipping-taxable","13":"purchasable","14":"product-type-simple"},"acf":[],"yoast_head":"<!-- This site is optimized with the Yoast SEO plugin v27.3 - https:\/\/yoast.com\/product\/yoast-seo-wordpress\/ -->\n<title>H\u00e2rtie igienic\u0103 pliabil\u0103 150\/1 - ProPapir<\/title>\n<meta name=\"description\" content=\"H\u00e2rtie igienic\u0103 pliabil\u0103 150\/1 - proizvodnja i prodaja papirne galanterije vrhunskog kvaliteta po najpovoljnijim cenama. Poru\u010dite online sa rabatom.\" \/>\n<meta name=\"robots\" content=\"index, follow, max-snippet:-1, max-image-preview:large, max-video-preview:-1\" \/>\n<link rel=\"canonical\" href=\"https:\/\/propapir.rs\/proizvod\/slozivi-toalet-papir-150-1\/\" \/>\n<meta property=\"og:locale\" content=\"ro_RO\" \/>\n<meta property=\"og:type\" content=\"article\" \/>\n<meta property=\"og:title\" content=\"H\u00e2rtie igienic\u0103 pliabil\u0103 150\/1 - ProPapir\" \/>\n<meta property=\"og:description\" content=\"H\u00e2rtie igienic\u0103 pliabil\u0103 150\/1 - proizvodnja i prodaja papirne galanterije vrhunskog kvaliteta po najpovoljnijim cenama. Poru\u010dite online sa rabatom.\" \/>\n<meta property=\"og:url\" content=\"https:\/\/propapir.rs\/proizvod\/slozivi-toalet-papir-150-1\/\" \/>\n<meta property=\"og:site_name\" content=\"ProPapir\" \/>\n<meta property=\"og:image\" content=\"https:\/\/propapir.rs\/wp-content\/uploads\/2023\/04\/Slozivi-papir-mali.png\" \/>\n\t<meta property=\"og:image:width\" content=\"1500\" \/>\n\t<meta property=\"og:image:height\" content=\"1500\" \/>\n\t<meta property=\"og:image:type\" content=\"image\/png\" \/>\n<meta name=\"twitter:card\" content=\"summary_large_image\" \/>\n<script type=\"application\/ld+json\" class=\"yoast-schema-graph\">{\"@context\":\"https:\\\/\\\/schema.org\",\"@graph\":[{\"@type\":\"WebPage\",\"@id\":\"https:\\\/\\\/propapir.rs\\\/proizvod\\\/slozivi-toalet-papir-150-1\\\/\",\"url\":\"https:\\\/\\\/propapir.rs\\\/proizvod\\\/slozivi-toalet-papir-150-1\\\/\",\"name\":\"H\u00e2rtie igienic\u0103 pliabil\u0103 150\\\/1 - ProPapir\",\"isPartOf\":{\"@id\":\"https:\\\/\\\/propapir.rs\\\/#website\"},\"primaryImageOfPage\":{\"@id\":\"https:\\\/\\\/propapir.rs\\\/proizvod\\\/slozivi-toalet-papir-150-1\\\/#primaryimage\"},\"image\":{\"@id\":\"https:\\\/\\\/propapir.rs\\\/proizvod\\\/slozivi-toalet-papir-150-1\\\/#primaryimage\"},\"thumbnailUrl\":\"https:\\\/\\\/propapir.rs\\\/wp-content\\\/uploads\\\/2023\\\/04\\\/Slozivi-papir-mali.png\",\"datePublished\":\"2023-04-03T17:45:18+00:00\",\"description\":\"H\u00e2rtie igienic\u0103 pliabil\u0103 150\\\/1 - proizvodnja i prodaja papirne galanterije vrhunskog kvaliteta po najpovoljnijim cenama. Poru\u010dite online sa rabatom.\",\"breadcrumb\":{\"@id\":\"https:\\\/\\\/propapir.rs\\\/proizvod\\\/slozivi-toalet-papir-150-1\\\/#breadcrumb\"},\"inLanguage\":\"ro-RO\",\"potentialAction\":[{\"@type\":\"ReadAction\",\"target\":[\"https:\\\/\\\/propapir.rs\\\/proizvod\\\/slozivi-toalet-papir-150-1\\\/\"]}]},{\"@type\":\"ImageObject\",\"inLanguage\":\"ro-RO\",\"@id\":\"https:\\\/\\\/propapir.rs\\\/proizvod\\\/slozivi-toalet-papir-150-1\\\/#primaryimage\",\"url\":\"https:\\\/\\\/propapir.rs\\\/wp-content\\\/uploads\\\/2023\\\/04\\\/Slozivi-papir-mali.png\",\"contentUrl\":\"https:\\\/\\\/propapir.rs\\\/wp-content\\\/uploads\\\/2023\\\/04\\\/Slozivi-papir-mali.png\",\"width\":1500,\"height\":1500},{\"@type\":\"BreadcrumbList\",\"@id\":\"https:\\\/\\\/propapir.rs\\\/proizvod\\\/slozivi-toalet-papir-150-1\\\/#breadcrumb\",\"itemListElement\":[{\"@type\":\"ListItem\",\"position\":1,\"name\":\"Home\",\"item\":\"https:\\\/\\\/propapir.rs\\\/ro\\\/pagina-principala\\\/\"},{\"@type\":\"ListItem\",\"position\":2,\"name\":\"Magazin\",\"item\":\"https:\\\/\\\/propapir.rs\\\/ro\\\/prodavnica\\\/\"},{\"@type\":\"ListItem\",\"position\":3,\"name\":\"H\u00e2rtie igienic\u0103\",\"item\":\"https:\\\/\\\/propapir.rs\\\/ro\\\/prodavnica\\\/hartie-igienica\\\/\"},{\"@type\":\"ListItem\",\"position\":4,\"name\":\"H\u00e2rtie igienic\u0103 pliabil\u0103 150\\\/1\"}]},{\"@type\":\"WebSite\",\"@id\":\"https:\\\/\\\/propapir.rs\\\/#website\",\"url\":\"https:\\\/\\\/propapir.rs\\\/\",\"name\":\"ProPapir\",\"description\":\"Proizvodnja i veleprodaja papirne galanterije\",\"publisher\":{\"@id\":\"https:\\\/\\\/propapir.rs\\\/#organization\"},\"potentialAction\":[{\"@type\":\"SearchAction\",\"target\":{\"@type\":\"EntryPoint\",\"urlTemplate\":\"https:\\\/\\\/propapir.rs\\\/?s={search_term_string}\"},\"query-input\":{\"@type\":\"PropertyValueSpecification\",\"valueRequired\":true,\"valueName\":\"search_term_string\"}}],\"inLanguage\":\"ro-RO\"},{\"@type\":\"Organization\",\"@id\":\"https:\\\/\\\/propapir.rs\\\/#organization\",\"name\":\"Pro Papir Proizvodnja Papirne Galanterije\",\"url\":\"https:\\\/\\\/propapir.rs\\\/\",\"logo\":{\"@type\":\"ImageObject\",\"inLanguage\":\"ro-RO\",\"@id\":\"https:\\\/\\\/propapir.rs\\\/#\\\/schema\\\/logo\\\/image\\\/\",\"url\":\"https:\\\/\\\/propapir.rs\\\/wp-content\\\/uploads\\\/2023\\\/04\\\/cropped-Site-icon-1.png\",\"contentUrl\":\"https:\\\/\\\/propapir.rs\\\/wp-content\\\/uploads\\\/2023\\\/04\\\/cropped-Site-icon-1.png\",\"width\":512,\"height\":512,\"caption\":\"Pro Papir Proizvodnja Papirne Galanterije\"},\"image\":{\"@id\":\"https:\\\/\\\/propapir.rs\\\/#\\\/schema\\\/logo\\\/image\\\/\"}}]}<\/script>\n<!-- \/ Yoast SEO plugin. -->","yoast_head_json":{"title":"H\u00e2rtie igienic\u0103 pliabil\u0103 150\/1 - ProPapir","description":"H\u00e2rtie igienic\u0103 pliabil\u0103 150\/1 - proizvodnja i prodaja papirne galanterije vrhunskog kvaliteta po najpovoljnijim cenama. Poru\u010dite online sa rabatom.","robots":{"index":"index","follow":"follow","max-snippet":"max-snippet:-1","max-image-preview":"max-image-preview:large","max-video-preview":"max-video-preview:-1"},"canonical":"https:\/\/propapir.rs\/proizvod\/slozivi-toalet-papir-150-1\/","og_locale":"ro_RO","og_type":"article","og_title":"H\u00e2rtie igienic\u0103 pliabil\u0103 150\/1 - ProPapir","og_description":"H\u00e2rtie igienic\u0103 pliabil\u0103 150\/1 - proizvodnja i prodaja papirne galanterije vrhunskog kvaliteta po najpovoljnijim cenama. Poru\u010dite online sa rabatom.","og_url":"https:\/\/propapir.rs\/proizvod\/slozivi-toalet-papir-150-1\/","og_site_name":"ProPapir","og_image":[{"width":1500,"height":1500,"url":"https:\/\/propapir.rs\/wp-content\/uploads\/2023\/04\/Slozivi-papir-mali.png","type":"image\/png"}],"twitter_card":"summary_large_image","schema":{"@context":"https:\/\/schema.org","@graph":[{"@type":"WebPage","@id":"https:\/\/propapir.rs\/proizvod\/slozivi-toalet-papir-150-1\/","url":"https:\/\/propapir.rs\/proizvod\/slozivi-toalet-papir-150-1\/","name":"H\u00e2rtie igienic\u0103 pliabil\u0103 150\/1 - ProPapir","isPartOf":{"@id":"https:\/\/propapir.rs\/#website"},"primaryImageOfPage":{"@id":"https:\/\/propapir.rs\/proizvod\/slozivi-toalet-papir-150-1\/#primaryimage"},"image":{"@id":"https:\/\/propapir.rs\/proizvod\/slozivi-toalet-papir-150-1\/#primaryimage"},"thumbnailUrl":"https:\/\/propapir.rs\/wp-content\/uploads\/2023\/04\/Slozivi-papir-mali.png","datePublished":"2023-04-03T17:45:18+00:00","description":"H\u00e2rtie igienic\u0103 pliabil\u0103 150\/1 - proizvodnja i prodaja papirne galanterije vrhunskog kvaliteta po najpovoljnijim cenama. Poru\u010dite online sa rabatom.","breadcrumb":{"@id":"https:\/\/propapir.rs\/proizvod\/slozivi-toalet-papir-150-1\/#breadcrumb"},"inLanguage":"ro-RO","potentialAction":[{"@type":"ReadAction","target":["https:\/\/propapir.rs\/proizvod\/slozivi-toalet-papir-150-1\/"]}]},{"@type":"ImageObject","inLanguage":"ro-RO","@id":"https:\/\/propapir.rs\/proizvod\/slozivi-toalet-papir-150-1\/#primaryimage","url":"https:\/\/propapir.rs\/wp-content\/uploads\/2023\/04\/Slozivi-papir-mali.png","contentUrl":"https:\/\/propapir.rs\/wp-content\/uploads\/2023\/04\/Slozivi-papir-mali.png","width":1500,"height":1500},{"@type":"BreadcrumbList","@id":"https:\/\/propapir.rs\/proizvod\/slozivi-toalet-papir-150-1\/#breadcrumb","itemListElement":[{"@type":"ListItem","position":1,"name":"Home","item":"https:\/\/propapir.rs\/ro\/pagina-principala\/"},{"@type":"ListItem","position":2,"name":"Magazin","item":"https:\/\/propapir.rs\/ro\/prodavnica\/"},{"@type":"ListItem","position":3,"name":"H\u00e2rtie igienic\u0103","item":"https:\/\/propapir.rs\/ro\/prodavnica\/hartie-igienica\/"},{"@type":"ListItem","position":4,"name":"H\u00e2rtie igienic\u0103 pliabil\u0103 150\/1"}]},{"@type":"WebSite","@id":"https:\/\/propapir.rs\/#website","url":"https:\/\/propapir.rs\/","name":"ProPapir","description":"Proizvodnja i veleprodaja papirne galanterije","publisher":{"@id":"https:\/\/propapir.rs\/#organization"},"potentialAction":[{"@type":"SearchAction","target":{"@type":"EntryPoint","urlTemplate":"https:\/\/propapir.rs\/?s={search_term_string}"},"query-input":{"@type":"PropertyValueSpecification","valueRequired":true,"valueName":"search_term_string"}}],"inLanguage":"ro-RO"},{"@type":"Organization","@id":"https:\/\/propapir.rs\/#organization","name":"Pro Papir Proizvodnja Papirne Galanterije","url":"https:\/\/propapir.rs\/","logo":{"@type":"ImageObject","inLanguage":"ro-RO","@id":"https:\/\/propapir.rs\/#\/schema\/logo\/image\/","url":"https:\/\/propapir.rs\/wp-content\/uploads\/2023\/04\/cropped-Site-icon-1.png","contentUrl":"https:\/\/propapir.rs\/wp-content\/uploads\/2023\/04\/cropped-Site-icon-1.png","width":512,"height":512,"caption":"Pro Papir Proizvodnja Papirne Galanterije"},"image":{"@id":"https:\/\/propapir.rs\/#\/schema\/logo\/image\/"}}]}},"tiered_pricing_type":"percentage","tiered_pricing_fixed_rules":{"200":"7","800":"14","1600":"20"},"tiered_pricing_product_settings":{"layout":"default","base_unit_name":{"singular":null,"plural":null},"default_variation":null},"tiered_pricing_minimum_quantity":40,"tiered_pricing_roles_data":[],"tiered_pricing_percentage_rules":{"200":"7","800":"14","1600":"20"},"tiered_pricing_maximum_quantity":null,"tiered_pricing_quantity_step":"40","_links":{"self":[{"href":"https:\/\/propapir.rs\/ro\/wp-json\/wp\/v2\/product\/3001","targetHints":{"allow":["GET"]}}],"collection":[{"href":"https:\/\/propapir.rs\/ro\/wp-json\/wp\/v2\/product"}],"about":[{"href":"https:\/\/propapir.rs\/ro\/wp-json\/wp\/v2\/types\/product"}],"replies":[{"embeddable":true,"href":"https:\/\/propapir.rs\/ro\/wp-json\/wp\/v2\/comments?post=3001"}],"wp:featuredmedia":[{"embeddable":true,"href":"https:\/\/propapir.rs\/ro\/wp-json\/wp\/v2\/media\/3267"}],"wp:attachment":[{"href":"https:\/\/propapir.rs\/ro\/wp-json\/wp\/v2\/media?parent=3001"}],"wp:term":[{"taxonomy":"product_brand","embeddable":true,"href":"https:\/\/propapir.rs\/ro\/wp-json\/wp\/v2\/product_brand?post=3001"},{"taxonomy":"product_cat","embeddable":true,"href":"https:\/\/propapir.rs\/ro\/wp-json\/wp\/v2\/product_cat?post=3001"},{"taxonomy":"product_tag","embeddable":true,"href":"https:\/\/propapir.rs\/ro\/wp-json\/wp\/v2\/product_tag?post=3001"}],"curies":[{"name":"wp","href":"https:\/\/api.w.org\/{rel}","templated":true}]}}